{"id":11,"date":"2021-11-11T18:35:00","date_gmt":"2021-11-11T16:35:00","guid":{"rendered":"https:\/\/www.lahihistoria.fi\/?page_id=11"},"modified":"2025-08-18T11:44:29","modified_gmt":"2025-08-18T08:44:29","slug":"yhdistys","status":"publish","type":"page","link":"https:\/\/www.lahihistoria.fi\/index.php\/yhdistys\/","title":{"rendered":"Yhdistys"},"content":{"rendered":"\n<p>L\u00e4hihistorian tutkimuksen seura ry on kes\u00e4kuussa 2021 perustettu uusi yhdistys, jonka tarkoituksena on edist\u00e4\u00e4 l\u00e4hihistorian tutkimusta ja tuntemusta. L\u00e4hihistoriaa tutkitaan paljon ja l\u00e4hihistorialliset tutkimusaiheet ovat n\u00e4kyv\u00e4sti esill\u00e4 eri medioissa, julkisessa keskustelussa ja historiakulttuurissa. Samalla l\u00e4hihistorian tutkijoilta puuttuu oma aihepiiriin erikoistunut valtakunnallinen yhteis\u00f6ns\u00e4.<\/p>\n\n\n\n<p>Seuran toiminnan keskeisen\u00e4 tavoitteena on toteuttaa l\u00e4hihistorian alan julkaisutoimintaa ja perustaa t\u00e4t\u00e4 palvelemaan tieteellinen aikakauskirja. Seura pyrkii julkaisutavoitteidensa kautta uudistamaan suomalaista l\u00e4hihistorian tutkimusta tarjoamalla laajempia n\u00e4k\u00f6kulmia ja kannustamalla historiantutkijoita osallistumaan nykyel\u00e4m\u00e4n kannalta ajankohtaisten ilmi\u00f6iden k\u00e4sittelyyn.<\/p>\n\n\n\n<p>Yhdistyksen hallituksen j\u00e4senin\u00e4 2025-26 toimivat Teemu H\u00e4kkinen, Jenni Karim\u00e4ki, Olli Castr\u00e9n, Atte Arffman, Ville Yliaska, Jukka Pesu, Kati Toivanen, Maika Absetz ja Arja Turunen. Julkaisun p\u00e4\u00e4toimittajana toimii Tuomas Laine-Frigren.<\/p>\n\n\n\n<div data-wp-interactive=\"core\/file\" class=\"wp-block-file\"><object data-wp-bind--hidden=\"!state.hasPdfPreview\" hidden class=\"wp-block-file__embed\" data=\"https:\/\/www.lahihistoria.fi\/wp-content\/uploads\/2025\/03\/Lahihistorian_tutkimuksen_seuran_saannot.pdf\" type=\"application\/pdf\" style=\"width:100%;height:600px\" aria-label=\"Tiedoston L\u00e4hihistorian tutkimuksen seura ry:n s\u00e4\u00e4nn\u00f6t upotus.\"><\/object><a id=\"wp-block-file--media-737e878a-756b-4200-b02c-aa2c1cdb1c82\" href=\"https:\/\/www.lahihistoria.fi\/wp-content\/uploads\/2025\/03\/Lahihistorian_tutkimuksen_seuran_saannot.pdf\">L\u00e4hihistorian tutkimuksen seura ry:n s\u00e4\u00e4nn\u00f6t<\/a><a href=\"https:\/\/www.lahihistoria.fi\/wp-content\/uploads\/2025\/03\/Lahihistorian_tutkimuksen_seuran_saannot.pdf\" class=\"wp-block-file__button wp-element-button\" download aria-describedby=\"wp-block-file--media-737e878a-756b-4200-b02c-aa2c1cdb1c82\">Lataa<\/a><\/div>\n","protected":false},"excerpt":{"rendered":"<p>L\u00e4hihistorian tutkimuksen seura ry on kes\u00e4kuussa 2021 perustettu uusi yhdistys, jonka tarkoituksena on edist\u00e4\u00e4 l\u00e4hihistorian tutkimusta ja tuntemusta. L\u00e4hihistoriaa tutkitaan paljon ja l\u00e4hihistorialliset tutkimusaiheet ovat n\u00e4kyv\u00e4sti esill\u00e4 eri medioissa, julkisessa keskustelussa ja historiakulttuurissa. Samalla l\u00e4hihistorian tutkijoilta puuttuu oma aihepiiriin erikoistunut valtakunnallinen yhteis\u00f6ns\u00e4. Seuran toiminnan keskeisen\u00e4 tavoitteena on toteuttaa l\u00e4hihistorian alan julkaisutoimintaa ja perustaa t\u00e4t\u00e4 palvelemaan [&hellip;]<\/p>\n","protected":false},"author":1,"featured_media":0,"parent":0,"menu_order":0,"comment_status":"closed","ping_status":"closed","template":"","meta":{"_themeisle_gutenberg_block_has_review":false,"footnotes":""},"class_list":["post-11","page","type-page","status-publish","hentry"],"jetpack_sharing_enabled":true,"_links":{"self":[{"href":"https:\/\/www.lahihistoria.fi\/index.php\/wp-json\/wp\/v2\/pages\/11","targetHints":{"allow":["GET"]}}],"collection":[{"href":"https:\/\/www.lahihistoria.fi\/index.php\/wp-json\/wp\/v2\/pages"}],"about":[{"href":"https:\/\/www.lahihistoria.fi\/index.php\/wp-json\/wp\/v2\/types\/page"}],"author":[{"embeddable":true,"href":"https:\/\/www.lahihistoria.fi\/index.php\/wp-json\/wp\/v2\/users\/1"}],"replies":[{"embeddable":true,"href":"https:\/\/www.lahihistoria.fi\/index.php\/wp-json\/wp\/v2\/comments?post=11"}],"version-history":[{"count":8,"href":"https:\/\/www.lahihistoria.fi\/index.php\/wp-json\/wp\/v2\/pages\/11\/revisions"}],"predecessor-version":[{"id":759,"href":"https:\/\/www.lahihistoria.fi\/index.php\/wp-json\/wp\/v2\/pages\/11\/revisions\/759"}],"wp:attachment":[{"href":"https:\/\/www.lahihistoria.fi\/index.php\/wp-json\/wp\/v2\/media?parent=11"}],"curies":[{"name":"wp","href":"https:\/\/api.w.org\/{rel}","templated":true}]}}