{"id":519,"date":"2023-12-03T00:16:13","date_gmt":"2023-12-02T22:16:13","guid":{"rendered":"https:\/\/www.lahihistoria.fi\/?page_id=519"},"modified":"2026-03-27T15:09:30","modified_gmt":"2026-03-27T13:09:30","slug":"keita-olemme","status":"publish","type":"page","link":"https:\/\/www.lahihistoria.fi\/index.php\/keita-olemme\/","title":{"rendered":"Mit\u00e4 teemme?"},"content":{"rendered":"\n<p>T\u00e4ll\u00e4 sivustolla esittelemme <a href=\"https:\/\/lahihistoria.journal.fi\/\"><em>L\u00e4hihistorian<\/em> <\/a>tuoretta sis\u00e4lt\u00f6\u00e4 yleistajuisessa muodossa, kerromme L\u00e4hihistorian tutkimuksen seuran tapahtumista ja julkaisemme blogeja, puheenvuoroja ja muita tekstej\u00e4 historian ajankohtaisista ilmi\u00f6ist\u00e4. <\/p>\n\n\n\n<p>Olemme joukko historian ja l\u00e4hialojen ammattilaisia suomalaisista yliopistoista. Pyrimme kehitt\u00e4m\u00e4\u00e4n suomalaista l\u00e4hihistorian kirjoitusta tarjoamalla laajoja n\u00e4k\u00f6kulmia ja kannustamalla eri alojen tutkijoita ja kirjoittajia osallistumaan ajankohtaisten ilmi\u00f6iden k\u00e4sittelyyn historian keinoin. <\/p>\n\n\n\n<p>Toimintaamme ohjaa vakaumus siit\u00e4, ett\u00e4 aikamme suurten yhteiskunnallisten, poliittisten ja ekologisten ongelmien k\u00e4sittelemiseksi tarvitsemme nykyajassa merkityksellist\u00e4 tietoa menneist\u00e4 ja yh\u00e4 k\u00e4ynniss\u00e4 olevista kehityskuluista. Historiallisia prosesseja tuntemalla on mahdollista esitt\u00e4\u00e4 arvioita my\u00f6s tulevaisuuden trendeist\u00e4. <\/p>\n\n\n\n<p>Haluamme nostaa esiin my\u00f6s historiakulttuurin ilmi\u00f6it\u00e4 laajemmin. Meit\u00e4 kiinnostavat historian erilaiset k\u00e4ytt\u00f6yhteydet ja k\u00e4ytt\u00f6tavat menneisyyspolitiikasta dokumenttielokuviin, historiafiktiosta ja muistomerkeist\u00e4 historian el\u00e4v\u00f6itt\u00e4miseen sek\u00e4 erilaisiin reaalisiin tai virtuaalisiin historiayhteis\u00f6ihin. My\u00f6s historian opettamiseen ja historiatietoisuuteen liittyv\u00e4t tematiikat kiinnostavat meit\u00e4. <\/p>\n\n\n\n<p>Halutessasi ryhty\u00e4 avustajaksi ja kirjoittaa yleistajuisen historiaesseen, l\u00e4hihistorian kent\u00e4ll\u00e4 ajankohtaista aihetta k\u00e4sittelev\u00e4n puheenvuoron tai vaikkapa uutta oppimateriaalia k\u00e4sittelev\u00e4n uutisen, ota yhteytt\u00e4 sivuston toimittajiin.<\/p>\n\n\n\n<p>Emilia Lakka (<a href=\"mailto:emilia.l.lakka@jyu.fi\">emilia.l.lakka@jyu.fi<\/a>)<\/p>\n\n\n\n<p>Tuomas Laine-Frigren (<a href=\"mailto:tuomas.laine-frigren@utu.fi\">tuomas.laine-frigren@utu.fi<\/a>)<\/p>\n\n\n\n<p>Essi Lamberg (<a href=\"mailto:essi.lamberg@helsinki.fi\">essi.lamberg@helsinki.fi<\/a>)<\/p>\n","protected":false},"excerpt":{"rendered":"<p>T\u00e4ll\u00e4 sivustolla esittelemme L\u00e4hihistorian tuoretta sis\u00e4lt\u00f6\u00e4 yleistajuisessa muodossa, kerromme L\u00e4hihistorian tutkimuksen seuran tapahtumista ja julkaisemme blogeja, puheenvuoroja ja muita tekstej\u00e4 historian ajankohtaisista ilmi\u00f6ist\u00e4. Olemme joukko historian ja l\u00e4hialojen ammattilaisia suomalaisista yliopistoista. Pyrimme kehitt\u00e4m\u00e4\u00e4n suomalaista l\u00e4hihistorian kirjoitusta tarjoamalla laajoja n\u00e4k\u00f6kulmia ja kannustamalla eri alojen tutkijoita ja kirjoittajia osallistumaan ajankohtaisten ilmi\u00f6iden k\u00e4sittelyyn historian keinoin. Toimintaamme ohjaa vakaumus [&hellip;]<\/p>\n","protected":false},"author":1,"featured_media":0,"parent":0,"menu_order":0,"comment_status":"closed","ping_status":"closed","template":"","meta":{"_themeisle_gutenberg_block_has_review":false,"footnotes":""},"class_list":["post-519","page","type-page","status-publish","hentry"],"jetpack_sharing_enabled":true,"_links":{"self":[{"href":"https:\/\/www.lahihistoria.fi\/index.php\/wp-json\/wp\/v2\/pages\/519","targetHints":{"allow":["GET"]}}],"collection":[{"href":"https:\/\/www.lahihistoria.fi\/index.php\/wp-json\/wp\/v2\/pages"}],"about":[{"href":"https:\/\/www.lahihistoria.fi\/index.php\/wp-json\/wp\/v2\/types\/page"}],"author":[{"embeddable":true,"href":"https:\/\/www.lahihistoria.fi\/index.php\/wp-json\/wp\/v2\/users\/1"}],"replies":[{"embeddable":true,"href":"https:\/\/www.lahihistoria.fi\/index.php\/wp-json\/wp\/v2\/comments?post=519"}],"version-history":[{"count":8,"href":"https:\/\/www.lahihistoria.fi\/index.php\/wp-json\/wp\/v2\/pages\/519\/revisions"}],"predecessor-version":[{"id":816,"href":"https:\/\/www.lahihistoria.fi\/index.php\/wp-json\/wp\/v2\/pages\/519\/revisions\/816"}],"wp:attachment":[{"href":"https:\/\/www.lahihistoria.fi\/index.php\/wp-json\/wp\/v2\/media?parent=519"}],"curies":[{"name":"wp","href":"https:\/\/api.w.org\/{rel}","templated":true}]}}