{"id":8,"date":"2021-11-11T18:35:00","date_gmt":"2021-11-11T16:35:00","guid":{"rendered":"https:\/\/www.lahihistoria.fi\/?page_id=8"},"modified":"2025-09-16T08:46:12","modified_gmt":"2025-09-16T05:46:12","slug":"yhteystiedot","status":"publish","type":"page","link":"https:\/\/www.lahihistoria.fi\/index.php\/yhteystiedot\/","title":{"rendered":"Yhteystiedot"},"content":{"rendered":"\n<h4 class=\"wp-block-heading\"><strong>Puheenjohtaja<\/strong><\/h4>\n\n\n\n<p><a href=\"https:\/\/www.jyu.fi\/fi\/henkilot\/teemu-hakkinen\">Teemu H\u00e4kkinen<\/a><\/p>\n\n\n\n<p><a href=\"mailto:puheenjohtaja@lahihistorianseura.fi\">puheenjohtaja@lahihistorianseura.fi<\/a><\/p>\n\n\n\n<h4 class=\"wp-block-heading\"><strong>Sihteeri<\/strong><\/h4>\n\n\n\n<p><a href=\"https:\/\/www.jyu.fi\/fi\/henkilot\/atte-arffman\">Atte Arffman<\/a><\/p>\n\n\n\n<p><a href=\"mailto:sihteeri@lahihistorianseura.fi\">sihteeri@lahihistorianseura.fi<\/a><\/p>\n\n\n\n<h4 class=\"wp-block-heading\"><strong>Rahastonhoitaja<\/strong><\/h4>\n\n\n\n<p><a href=\"https:\/\/www.jyu.fi\/fi\/henkilot\/arja-turunen\">Arja Turunen<\/a><\/p>\n\n\n\n<p><a href=\"mailto:rahastonhoitaja@lahihistorianseura.fi\">rahastonhoitaja@lahihistorianseura.fi<\/a><\/p>\n\n\n\n<h4 class=\"wp-block-heading\"><strong>Viestint\u00e4vastaavat<\/strong><\/h4>\n\n\n\n<p><a href=\"https:\/\/www.utu.fi\/fi\/ihmiset\/jukka-pesu\">Jukka Pesu<\/a> <a href=\"https:\/\/research.ulapland.fi\/fi\/persons\/ville-yliaska\/publications\/\">Ville Yliaska<\/a> ja <a href=\"https:\/\/researchportal.helsinki.fi\/fi\/persons\/kati-maria-johanna-toivanen\/publications\/\">Kati Toivanen<\/a><\/p>\n\n\n\n<p><a href=\"mailto:viestinta@lahihistorianseura.fi\">viestinta@lahihistorianseura.fi<\/a><\/p>\n\n\n\n<h3 class=\"wp-block-heading\"><strong>L\u00e4hihistoria-lehti<\/strong><\/h3>\n\n\n\n<h4 class=\"wp-block-heading\"><strong>P\u00e4\u00e4toimittaja<\/strong><\/h4>\n\n\n\n<p><a href=\"https:\/\/www.utu.fi\/fi\/ihmiset\/tuomas-laine-frigren\">Tuomas Laine-Frigren<\/a><\/p>\n\n\n\n<p><a href=\"mailto:paatoimittaja@lahihistoria.fi\">paatoimittaja@lahihistoria.fi<\/a><\/p>\n","protected":false},"excerpt":{"rendered":"<p>Puheenjohtaja Teemu H\u00e4kkinen puheenjohtaja@lahihistorianseura.fi Sihteeri Atte Arffman sihteeri@lahihistorianseura.fi Rahastonhoitaja Arja Turunen rahastonhoitaja@lahihistorianseura.fi Viestint\u00e4vastaavat Jukka Pesu Ville Yliaska ja Kati Toivanen viestinta@lahihistorianseura.fi L\u00e4hihistoria-lehti P\u00e4\u00e4toimittaja Tuomas Laine-Frigren paatoimittaja@lahihistoria.fi<\/p>\n","protected":false},"author":1,"featured_media":0,"parent":0,"menu_order":0,"comment_status":"closed","ping_status":"closed","template":"","meta":{"_themeisle_gutenberg_block_has_review":false,"footnotes":""},"class_list":["post-8","page","type-page","status-publish","hentry"],"jetpack_sharing_enabled":true,"_links":{"self":[{"href":"https:\/\/www.lahihistoria.fi\/index.php\/wp-json\/wp\/v2\/pages\/8","targetHints":{"allow":["GET"]}}],"collection":[{"href":"https:\/\/www.lahihistoria.fi\/index.php\/wp-json\/wp\/v2\/pages"}],"about":[{"href":"https:\/\/www.lahihistoria.fi\/index.php\/wp-json\/wp\/v2\/types\/page"}],"author":[{"embeddable":true,"href":"https:\/\/www.lahihistoria.fi\/index.php\/wp-json\/wp\/v2\/users\/1"}],"replies":[{"embeddable":true,"href":"https:\/\/www.lahihistoria.fi\/index.php\/wp-json\/wp\/v2\/comments?post=8"}],"version-history":[{"count":13,"href":"https:\/\/www.lahihistoria.fi\/index.php\/wp-json\/wp\/v2\/pages\/8\/revisions"}],"predecessor-version":[{"id":765,"href":"https:\/\/www.lahihistoria.fi\/index.php\/wp-json\/wp\/v2\/pages\/8\/revisions\/765"}],"wp:attachment":[{"href":"https:\/\/www.lahihistoria.fi\/index.php\/wp-json\/wp\/v2\/media?parent=8"}],"curies":[{"name":"wp","href":"https:\/\/api.w.org\/{rel}","templated":true}]}}