{"id":9,"date":"2021-11-11T18:35:00","date_gmt":"2021-11-11T16:35:00","guid":{"rendered":"https:\/\/www.lahihistoria.fi\/?page_id=9"},"modified":"2025-06-09T19:07:10","modified_gmt":"2025-06-09T16:07:10","slug":"jasenyys","status":"publish","type":"page","link":"https:\/\/www.lahihistoria.fi\/index.php\/jasenyys\/","title":{"rendered":"J\u00e4senyys"},"content":{"rendered":"\n<p>Kaikki l\u00e4hihistoriasta kiinnostuneet ovat tervetulleita mukaan seuran toimintaan! J\u00e4senmaksu vuodelle 2025 on 15 euroa.<\/p>\n\n\n\n<p>Liitty\u00e4ksesi j\u00e4seneksi l\u00e4het\u00e4 rahastonhoitajallemme Arja Turuselle <a href=\"mailto:arja.h.turunen@jyu.fi\">rahastonhoitaja@lahihistorianseura.fi<\/a> seuraavat tiedot: nimi, kotipaikka ja s\u00e4hk\u00f6postiosoite. <\/p>\n\n\n\n<p>Seuran hallitus hyv\u00e4ksyy uudet j\u00e4senet. Saat hallituksen kokouksen j\u00e4lkeen tervetuloviestin, jossa on ohjeet liittymismaksun maksamiseen.<\/p>\n\n\n\n<h3 class=\"wp-block-heading\">Tietosuojaseloste<\/h3>\n\n\n\n<p>L\u00e4hihistorian tutkimuksen seuran j\u00e4senrekisteriin tallennetaan j\u00e4senist\u00e4 seuraavat tiedot: nimi, kotipaikka (yhdistyslain vaatimus), s\u00e4hk\u00f6postiosoite (kokouskutsujen ja j\u00e4senkirjeen l\u00e4hett\u00e4mist\u00e4 varten) ja tiedot j\u00e4seneksi hyv\u00e4ksymisp\u00e4iv\u00e4m\u00e4\u00e4r\u00e4st\u00e4 ja liittymismaksun maksamisesta. Tietoja rekisterist\u00e4 ei luovuteta eteenp\u00e4in.<\/p>\n\n\n\n<p>Tutustu j\u00e4senrekisterin <a rel=\"noreferrer noopener\" href=\"https:\/\/docs.google.com\/document\/d\/1Js883b8tiGumjCZD3bRPtDTkYPOaWKYMGhkTS_rbCxk\/edit?usp=sharing\" target=\"_blank\">tietosuojaselosteeseen<\/a>.<\/p>\n","protected":false},"excerpt":{"rendered":"<p>Kaikki l\u00e4hihistoriasta kiinnostuneet ovat tervetulleita mukaan seuran toimintaan! J\u00e4senmaksu vuodelle 2025 on 15 euroa. Liitty\u00e4ksesi j\u00e4seneksi l\u00e4het\u00e4 rahastonhoitajallemme Arja Turuselle rahastonhoitaja@lahihistorianseura.fi seuraavat tiedot: nimi, kotipaikka ja s\u00e4hk\u00f6postiosoite. Seuran hallitus hyv\u00e4ksyy uudet j\u00e4senet. Saat hallituksen kokouksen j\u00e4lkeen tervetuloviestin, jossa on ohjeet liittymismaksun maksamiseen. Tietosuojaseloste L\u00e4hihistorian tutkimuksen seuran j\u00e4senrekisteriin tallennetaan j\u00e4senist\u00e4 seuraavat tiedot: nimi, kotipaikka (yhdistyslain vaatimus), [&hellip;]<\/p>\n","protected":false},"author":1,"featured_media":0,"parent":0,"menu_order":0,"comment_status":"closed","ping_status":"closed","template":"","meta":{"_themeisle_gutenberg_block_has_review":false,"footnotes":""},"class_list":["post-9","page","type-page","status-publish","hentry"],"jetpack_sharing_enabled":true,"_links":{"self":[{"href":"https:\/\/www.lahihistoria.fi\/index.php\/wp-json\/wp\/v2\/pages\/9","targetHints":{"allow":["GET"]}}],"collection":[{"href":"https:\/\/www.lahihistoria.fi\/index.php\/wp-json\/wp\/v2\/pages"}],"about":[{"href":"https:\/\/www.lahihistoria.fi\/index.php\/wp-json\/wp\/v2\/types\/page"}],"author":[{"embeddable":true,"href":"https:\/\/www.lahihistoria.fi\/index.php\/wp-json\/wp\/v2\/users\/1"}],"replies":[{"embeddable":true,"href":"https:\/\/www.lahihistoria.fi\/index.php\/wp-json\/wp\/v2\/comments?post=9"}],"version-history":[{"count":9,"href":"https:\/\/www.lahihistoria.fi\/index.php\/wp-json\/wp\/v2\/pages\/9\/revisions"}],"predecessor-version":[{"id":739,"href":"https:\/\/www.lahihistoria.fi\/index.php\/wp-json\/wp\/v2\/pages\/9\/revisions\/739"}],"wp:attachment":[{"href":"https:\/\/www.lahihistoria.fi\/index.php\/wp-json\/wp\/v2\/media?parent=9"}],"curies":[{"name":"wp","href":"https:\/\/api.w.org\/{rel}","templated":true}]}}